{"id":4290,"date":"2024-06-20T08:02:19","date_gmt":"2024-06-20T08:02:19","guid":{"rendered":"http:\/\/www.ingedas.com\/?page_id=4290"},"modified":"2024-08-28T10:48:45","modified_gmt":"2024-08-28T10:48:45","slug":"proyectos","status":"publish","type":"page","link":"https:\/\/www.ingedas.com\/en\/proyectos\/","title":{"rendered":"Proyectos"},"content":{"rendered":"\t\t<div data-elementor-type=\"wp-page\" data-elementor-id=\"4290\" class=\"elementor elementor-4290\" data-elementor-post-type=\"page\">\n\t\t\t\t<div class=\"elementor-element elementor-element-ab72cfb inicio1 ops-section e-con-full e-flex e-con e-parent\" data-id=\"ab72cfb\" data-element_type=\"container\" data-e-type=\"container\" data-settings=\"{&quot;background_background&quot;:&quot;slideshow&quot;,&quot;background_slideshow_gallery&quot;:[{&quot;id&quot;:3779,&quot;url&quot;:&quot;http:\\\/\\\/www.ingedas.com\\\/wp-content\\\/uploads\\\/2024\\\/05\\\/wind-turbine-2023-11-27-05-19-30-utc-scaled.jpg&quot;},{&quot;id&quot;:3780,&quot;url&quot;:&quot;http:\\\/\\\/www.ingedas.com\\\/wp-content\\\/uploads\\\/2024\\\/05\\\/wind-farm-beside-the-lake-2023-11-27-05-16-49-utc-scaled.jpg&quot;},{&quot;id&quot;:3783,&quot;url&quot;:&quot;http:\\\/\\\/www.ingedas.com\\\/wp-content\\\/uploads\\\/2024\\\/05\\\/the-solar-energy-2023-11-27-05-14-09-utc-scaled-e1718178628551.jpg&quot;},{&quot;id&quot;:3782,&quot;url&quot;:&quot;http:\\\/\\\/www.ingedas.com\\\/wp-content\\\/uploads\\\/2024\\\/05\\\/wind-energy-wind-power-sustainable-renewable-en-2023-11-27-05-26-28-utc-scaled.jpg&quot;},{&quot;id&quot;:3784,&quot;url&quot;:&quot;http:\\\/\\\/www.ingedas.com\\\/wp-content\\\/uploads\\\/2024\\\/05\\\/solar-power-plant-2023-11-27-05-00-27-utc-scaled.jpg&quot;},{&quot;id&quot;:2669,&quot;url&quot;:&quot;http:\\\/\\\/www.ingedas.com\\\/wp-content\\\/uploads\\\/2024\\\/04\\\/wind-turbine-sustainable-energy-clean-power-2023-11-27-05-34-16-utc-scaled.jpg&quot;},{&quot;id&quot;:3781,&quot;url&quot;:&quot;http:\\\/\\\/www.ingedas.com\\\/wp-content\\\/uploads\\\/2024\\\/05\\\/wind-turbine-and-farm-2023-11-27-05-17-21-utc-scaled.jpg&quot;}],&quot;background_slideshow_ken_burns&quot;:&quot;yes&quot;,&quot;ekit_has_onepagescroll&quot;:&quot;section&quot;,&quot;background_slideshow_loop&quot;:&quot;yes&quot;,&quot;background_slideshow_slide_duration&quot;:5000,&quot;background_slideshow_slide_transition&quot;:&quot;fade&quot;,&quot;background_slideshow_transition_duration&quot;:500,&quot;background_slideshow_ken_burns_zoom_direction&quot;:&quot;in&quot;}\">\n\t\t<div class=\"elementor-element elementor-element-1769e4e e-con-full e-flex e-con e-child\" data-id=\"1769e4e\" data-element_type=\"container\" data-e-type=\"container\">\n\t\t\t\t<div class=\"elementor-element elementor-element-98c2204 elementor-widget elementor-widget-heading\" data-id=\"98c2204\" data-element_type=\"widget\" data-e-type=\"widget\" data-widget_type=\"heading.default\">\n\t\t\t\t<div class=\"elementor-widget-container\">\n\t\t\t\t\t<h3 class=\"elementor-heading-title elementor-size-default\">instalaciones energ\u00e9ticas<\/h3>\t\t\t\t<\/div>\n\t\t\t\t<\/div>\n\t\t\t\t<div class=\"elementor-element elementor-element-bc0cf86 elementor-headline--style-highlight elementor-widget elementor-widget-animated-headline\" data-id=\"bc0cf86\" data-element_type=\"widget\" data-e-type=\"widget\" data-settings=\"{&quot;marker&quot;:&quot;underline&quot;,&quot;highlighted_text&quot;:&quot;Proyectos&quot;,&quot;headline_style&quot;:&quot;highlight&quot;,&quot;loop&quot;:&quot;yes&quot;,&quot;highlight_animation_duration&quot;:1200,&quot;highlight_iteration_delay&quot;:8000}\" data-widget_type=\"animated-headline.default\">\n\t\t\t\t<div class=\"elementor-widget-container\">\n\t\t\t\t\t\t\t<h3 class=\"elementor-headline\">\n\t\t\t\t<span class=\"elementor-headline-dynamic-wrapper elementor-headline-text-wrapper\">\n\t\t\t\t\t<span class=\"elementor-headline-dynamic-text elementor-headline-text-active\">Proyectos<\/span>\n\t\t\t\t<\/span>\n\t\t\t\t<\/h3>\n\t\t\t\t\t\t<\/div>\n\t\t\t\t<\/div>\n\t\t\t\t<div class=\"elementor-element elementor-element-57f922e elementor-widget__width-initial elementor-widget elementor-widget-text-editor\" data-id=\"57f922e\" data-element_type=\"widget\" data-e-type=\"widget\" data-widget_type=\"text-editor.default\">\n\t\t\t\t<div class=\"elementor-widget-container\">\n\t\t\t\t\t\t\t\t\t<p>En Inged\u00e1s, transformamos tus necesidades energ\u00e9ticas en proyectos personalizados que optimizan el rendimiento y reducen costos. Con un enfoque en la eficiencia y la calidad, aseguramos soluciones duraderas y sostenibles para tus instalaciones.<\/p>\t\t\t\t\t\t\t\t<\/div>\n\t\t\t\t<\/div>\n\t\t\t\t<\/div>\n\t\t\t\t<\/div>\n\t\t<div class=\"elementor-element elementor-element-8796687 inicio3 ops-section e-flex e-con-boxed e-con e-parent\" data-id=\"8796687\" data-element_type=\"container\" data-e-type=\"container\" data-settings=\"{&quot;background_background&quot;:&quot;classic&quot;,&quot;ekit_has_onepagescroll&quot;:&quot;section&quot;}\">\n\t\t\t\t\t<div class=\"e-con-inner\">\n\t\t<div class=\"elementor-element elementor-element-9809d05 e-con-full e-flex elementor-invisible e-con e-child\" data-id=\"9809d05\" data-element_type=\"container\" data-e-type=\"container\" data-settings=\"{&quot;animation&quot;:&quot;fadeInLeft&quot;}\">\n\t\t<div class=\"elementor-element elementor-element-e0df15f e-con-full e-flex e-con e-child\" data-id=\"e0df15f\" data-element_type=\"container\" data-e-type=\"container\">\n\t\t\t\t<div class=\"elementor-element elementor-element-ed2e5f2 elementor-widget elementor-widget-heading\" data-id=\"ed2e5f2\" data-element_type=\"widget\" data-e-type=\"widget\" data-widget_type=\"heading.default\">\n\t\t\t\t<div class=\"elementor-widget-container\">\n\t\t\t\t\t<h3 class=\"elementor-heading-title elementor-size-default\">trabajos<\/h3>\t\t\t\t<\/div>\n\t\t\t\t<\/div>\n\t\t\t\t<div class=\"elementor-element elementor-element-533f46b elementor-headline--style-highlight elementor-widget elementor-widget-animated-headline\" data-id=\"533f46b\" data-element_type=\"widget\" data-e-type=\"widget\" data-settings=\"{&quot;marker&quot;:&quot;underline&quot;,&quot;highlighted_text&quot;:&quot;proyectos &quot;,&quot;headline_style&quot;:&quot;highlight&quot;,&quot;loop&quot;:&quot;yes&quot;,&quot;highlight_animation_duration&quot;:1200,&quot;highlight_iteration_delay&quot;:8000}\" data-widget_type=\"animated-headline.default\">\n\t\t\t\t<div class=\"elementor-widget-container\">\n\t\t\t\t\t\t\t<h3 class=\"elementor-headline\">\n\t\t\t\t\t<span class=\"elementor-headline-plain-text elementor-headline-text-wrapper\">Nuestros<\/span>\n\t\t\t\t<span class=\"elementor-headline-dynamic-wrapper elementor-headline-text-wrapper\">\n\t\t\t\t\t<span class=\"elementor-headline-dynamic-text elementor-headline-text-active\">proyectos <\/span>\n\t\t\t\t<\/span>\n\t\t\t\t\t<span class=\"elementor-headline-plain-text elementor-headline-text-wrapper\">\u00faltimos realizados<\/span>\n\t\t\t\t\t<\/h3>\n\t\t\t\t\t\t<\/div>\n\t\t\t\t<\/div>\n\t\t\t\t<div class=\"elementor-element elementor-element-41a08d9 elementor-widget elementor-widget-elementskit-blog-posts\" data-id=\"41a08d9\" data-element_type=\"widget\" data-e-type=\"widget\" data-widget_type=\"elementskit-blog-posts.default\">\n\t\t\t\t<div class=\"elementor-widget-container\">\n\t\t\t\t\t<div class=\"ekit-wid-con\" >        <div id=\"post-items--41a08d9\" class=\"row post-items\" data-masonry-config=\"true\">\n                    <div class=\"col-lg-4 col-md-6\">\n\n                                    <div class=\"elementskit-post-image-card\">\n                        <div class=\"elementskit-entry-header\">\n                                                            <a href=\"https:\/\/www.ingedas.com\/en\/mercado-electrico\/\" class=\"elementskit-entry-thumb\">\n                                    <img decoding=\"async\" class=\"lazyload\" src=\"data:image\/gif;base64,R0lGODlhAQABAIAAAAAAAP\/\/\/yH5BAEAAAAALAAAAAABAAEAAAIBRAA7\" data-src=\"https:\/\/www.ingedas.com\/wp-content\/uploads\/2024\/03\/many-of-windmills-on-the-jarilgach-island-ukraine-2023-11-27-04-52-17-utc-scaled-1024x654.jpg\" alt=\"\u00bfC\u00f3mo funciona el mercado el\u00e9ctrico en Espa\u00f1a?\"><noscript><img decoding=\"async\" class=\"lazyload\" src=\"https:\/\/www.ingedas.com\/wp-content\/uploads\/2024\/03\/many-of-windmills-on-the-jarilgach-island-ukraine-2023-11-27-04-52-17-utc-scaled-1024x654.jpg\" alt=\"\u00bfC\u00f3mo funciona el mercado el\u00e9ctrico en Espa\u00f1a?\"><\/noscript>\n                                <\/a><!-- .elementskit-entry-thumb END -->\n                                                            \n                            \n\t\t\t\t\t\t\t\t\t\t\t\t\t<\/div><!-- .elementskit-entry-header END -->\n\n\t\t\t\t\t\t<div class=\"elementskit-post-body \">\n\t\t\t\t\t\t\t\n\t\t\t\t\t\t\t\t\t\t\t\t\t\t\t\t\t\t\t\t\t\t\t\t\t\t\t\t\t\t\n\t\t\t\t\t\t\t\t\n\t\t\t\t\t\t\t\t\t\t\t\t\t\t\t\t\t\t\t\t\t<h2 class=\"entry-title\">\n\t\t\t\t\t<a href=\"https:\/\/www.ingedas.com\/en\/mercado-electrico\/\">\n\t\t\t\t\t\t\u00bfC\u00f3mo funciona el mercado el\u00e9ctrico en Espa\u00f1a?\t\t\t\t\t<\/a>\n\t\t\t\t<\/h2>\n\t\t\t\t\t\t\t\t\t\t\t\t\t\t\t\t\t\t\t\t\t\t\t\t\t\t\t\t\t\t\t\t\t\t\t\t\t\t\t\t\t\t<p>En el mercado el\u00e9ctrico actualmente intervienen varias fuentes de energ\u00eda (hidr\u00e1ulica, nuclear, t\u00e9rmica, renovables) y cada una de ellas presentan diariamente sus ofertas de venta para cada una de las horas del d\u00eda siguiente. Anteriormente los precios m\u00ednimos y m\u00e1ximos de oferta estaban fijados en 0 y 180,3\u20ac\/MWh pero dichos limites han sido propuestos para [&hellip;]<\/p>\n\t\t\t\t\t\t\t\t\t\t\t\t\t\t\t\t\t\t\t\t\t\t                                                            <div class=\"btn-wraper\">\n                                                                            <a class=\"elementskit-btn whitespace--normal\" id=\"\" href=\"https:\/\/www.ingedas.com\/en\/mercado-electrico\/\">\n                                            Saber m\u00e1s                                             <i aria-hidden=\"true\" class=\"icon icon-arrow-right\"><\/i>                                        <\/a>\n                                    \n                                                                    <\/div>\n                                                    <\/div><!-- .elementskit-post-body END -->\n                    <\/div>\n                \n            <\/div>\n                    <div class=\"col-lg-4 col-md-6\">\n\n                                    <div class=\"elementskit-post-image-card\">\n                        <div class=\"elementskit-entry-header\">\n                                                            <a href=\"https:\/\/www.ingedas.com\/en\/tope-del-gas\/\" class=\"elementskit-entry-thumb\">\n                                    <img decoding=\"async\" class=\"lazyload\" src=\"data:image\/gif;base64,R0lGODlhAQABAIAAAAAAAP\/\/\/yH5BAEAAAAALAAAAAABAAEAAAIBRAA7\" data-src=\"https:\/\/www.ingedas.com\/wp-content\/uploads\/2024\/03\/residential-gas-energy-meters-row-supply-plumbing-2023-11-27-05-20-37-utc-scaled-1024x682.jpg\" alt=\"\u00bfC\u00f3mo afecta el tope de gas al consumidor?\"><noscript><img decoding=\"async\" class=\"lazyload\" src=\"https:\/\/www.ingedas.com\/wp-content\/uploads\/2024\/03\/residential-gas-energy-meters-row-supply-plumbing-2023-11-27-05-20-37-utc-scaled-1024x682.jpg\" alt=\"\u00bfC\u00f3mo afecta el tope de gas al consumidor?\"><\/noscript>\n                                <\/a><!-- .elementskit-entry-thumb END -->\n                                                            \n                            \n\t\t\t\t\t\t\t\t\t\t\t\t\t<\/div><!-- .elementskit-entry-header END -->\n\n\t\t\t\t\t\t<div class=\"elementskit-post-body \">\n\t\t\t\t\t\t\t\n\t\t\t\t\t\t\t\t\t\t\t\t\t\t\t\t\t\t\t\t\t\t\t\t\t\t\t\t\t\t\n\t\t\t\t\t\t\t\t\n\t\t\t\t\t\t\t\t\t\t\t\t\t\t\t\t\t\t\t\t\t<h2 class=\"entry-title\">\n\t\t\t\t\t<a href=\"https:\/\/www.ingedas.com\/en\/tope-del-gas\/\">\n\t\t\t\t\t\t\u00bfC\u00f3mo afecta el tope de gas al consumidor?\t\t\t\t\t<\/a>\n\t\t\t\t<\/h2>\n\t\t\t\t\t\t\t\t\t\t\t\t\t\t\t\t\t\t\t\t\t\t\t\t\t\t\t\t\t\t\t\t\t\t\t\t\t\t\t\t\t\t<p>Introducci\u00f3n En el d\u00eda de ayer, Bruselas daba luz verde, al fin, al mecanismo (Real Decreto-ley 10\/2022, de 13 de mayo) planteado a Europa por el Gobierno Espa\u00f1ol para poner freno a los precios del gas y por arrastre, debido al sistema marginalista, a los de la electricidad. Dicho mecanismo plantea establecer un \u201ctecho\u201d al [&hellip;]<\/p>\n\t\t\t\t\t\t\t\t\t\t\t\t\t\t\t\t\t\t\t\t\t\t                                                            <div class=\"btn-wraper\">\n                                                                            <a class=\"elementskit-btn whitespace--normal\" id=\"\" href=\"https:\/\/www.ingedas.com\/en\/tope-del-gas\/\">\n                                            Saber m\u00e1s                                             <i aria-hidden=\"true\" class=\"icon icon-arrow-right\"><\/i>                                        <\/a>\n                                    \n                                                                    <\/div>\n                                                    <\/div><!-- .elementskit-post-body END -->\n                    <\/div>\n                \n            <\/div>\n                    <div class=\"col-lg-4 col-md-6\">\n\n                                    <div class=\"elementskit-post-image-card\">\n                        <div class=\"elementskit-entry-header\">\n                                                            <a href=\"https:\/\/www.ingedas.com\/en\/nuevas-medidasa-probadas-por-el-gobierno\/\" class=\"elementskit-entry-thumb\">\n                                    <img decoding=\"async\" class=\"lazyload\" src=\"data:image\/gif;base64,R0lGODlhAQABAIAAAAAAAP\/\/\/yH5BAEAAAAALAAAAAABAAEAAAIBRAA7\" data-src=\"https:\/\/www.ingedas.com\/wp-content\/uploads\/2024\/03\/electrical-supplies-shot-2023-11-27-04-55-54-utc-scaled-1024x1024.jpg\" alt=\"Nuevas medidas aprovadas por el gobierno\"><noscript><img decoding=\"async\" class=\"lazyload\" src=\"https:\/\/www.ingedas.com\/wp-content\/uploads\/2024\/03\/electrical-supplies-shot-2023-11-27-04-55-54-utc-scaled-1024x1024.jpg\" alt=\"Nuevas medidas aprovadas por el gobierno\"><\/noscript>\n                                <\/a><!-- .elementskit-entry-thumb END -->\n                                                            \n                            \n\t\t\t\t\t\t\t\t\t\t\t\t\t<\/div><!-- .elementskit-entry-header END -->\n\n\t\t\t\t\t\t<div class=\"elementskit-post-body \">\n\t\t\t\t\t\t\t\n\t\t\t\t\t\t\t\t\t\t\t\t\t\t\t\t\t\t\t\t\t\t\t\t\t\t\t\t\t\t\n\t\t\t\t\t\t\t\t\n\t\t\t\t\t\t\t\t\t\t\t\t\t\t\t\t\t\t\t\t\t<h2 class=\"entry-title\">\n\t\t\t\t\t<a href=\"https:\/\/www.ingedas.com\/en\/nuevas-medidasa-probadas-por-el-gobierno\/\">\n\t\t\t\t\t\tNuevas medidas aprovadas por el gobierno\t\t\t\t\t<\/a>\n\t\t\t\t<\/h2>\n\t\t\t\t\t\t\t\t\t\t\t\t\t\t\t\t\t\t\t\t\t\t\t\t\t\t\t\t\t\t\t\t\t\t\t\t\t\t\t\t\t\t<p>Nos dec\u00edan que en primavera se preve\u00eda un descenso en el precio de la luz pero lejos de eso, se ha registrado un nuevo r\u00e9cord en el mercado mayorista, marcando un precio base de 283,3\u20ac\/MWh. Est\u00e1 claro que la invasi\u00f3n de Ucrania el pasado febrero no ha hecho mas que aumentar la incertidumbre encareciendo el [&hellip;]<\/p>\n\t\t\t\t\t\t\t\t\t\t\t\t\t\t\t\t\t\t\t\t\t\t                                                            <div class=\"btn-wraper\">\n                                                                            <a class=\"elementskit-btn whitespace--normal\" id=\"\" href=\"https:\/\/www.ingedas.com\/en\/nuevas-medidasa-probadas-por-el-gobierno\/\">\n                                            Saber m\u00e1s                                             <i aria-hidden=\"true\" class=\"icon icon-arrow-right\"><\/i>                                        <\/a>\n                                    \n                                                                    <\/div>\n                                                    <\/div><!-- .elementskit-post-body END -->\n                    <\/div>\n                \n            <\/div>\n                <\/div>\n       <\/div>\t\t\t\t<\/div>\n\t\t\t\t<\/div>\n\t\t\t\t<\/div>\n\t\t\t\t<\/div>\n\t\t\t\t\t<\/div>\n\t\t\t\t<\/div>\n\t\t\t\t<\/div>\n\t\t","protected":false},"excerpt":{"rendered":"<p>instalaciones energ\u00e9ticas Proyectos En Inged\u00e1s, transformamos tus necesidades energ\u00e9ticas en proyectos personalizados que optimizan el rendimiento y reducen costos. Con un enfoque en la eficiencia y la calidad, aseguramos soluciones duraderas y sostenibles para tus instalaciones. trabajos Nuestros proyectos \u00faltimos realizados \u00bfC\u00f3mo funciona el mercado el\u00e9ctrico en Espa\u00f1a? En el mercado el\u00e9ctrico actualmente intervienen varias [&hellip;]<\/p>\n","protected":false},"author":1,"featured_media":0,"parent":0,"menu_order":0,"comment_status":"closed","ping_status":"closed","template":"elementor_header_footer","meta":{"footnotes":""},"class_list":["post-4290","page","type-page","status-publish","hentry"],"_links":{"self":[{"href":"https:\/\/www.ingedas.com\/en\/wp-json\/wp\/v2\/pages\/4290","targetHints":{"allow":["GET"]}}],"collection":[{"href":"https:\/\/www.ingedas.com\/en\/wp-json\/wp\/v2\/pages"}],"about":[{"href":"https:\/\/www.ingedas.com\/en\/wp-json\/wp\/v2\/types\/page"}],"author":[{"embeddable":true,"href":"https:\/\/www.ingedas.com\/en\/wp-json\/wp\/v2\/users\/1"}],"replies":[{"embeddable":true,"href":"https:\/\/www.ingedas.com\/en\/wp-json\/wp\/v2\/comments?post=4290"}],"version-history":[{"count":20,"href":"https:\/\/www.ingedas.com\/en\/wp-json\/wp\/v2\/pages\/4290\/revisions"}],"predecessor-version":[{"id":4759,"href":"https:\/\/www.ingedas.com\/en\/wp-json\/wp\/v2\/pages\/4290\/revisions\/4759"}],"wp:attachment":[{"href":"https:\/\/www.ingedas.com\/en\/wp-json\/wp\/v2\/media?parent=4290"}],"curies":[{"name":"wp","href":"https:\/\/api.w.org\/{rel}","templated":true}]}}