{"id":2431,"date":"2024-04-03T11:04:08","date_gmt":"2024-04-03T11:04:08","guid":{"rendered":"http:\/\/www.ingedas.com\/?page_id=2431"},"modified":"2024-08-28T10:44:24","modified_gmt":"2024-08-28T10:44:24","slug":"declaracion-de-accesibilidad","status":"publish","type":"page","link":"https:\/\/www.ingedas.com\/en\/declaracion-de-accesibilidad\/","title":{"rendered":"Declaraci\u00f3n de accesibilidad"},"content":{"rendered":"\t\t<div data-elementor-type=\"wp-page\" data-elementor-id=\"2431\" class=\"elementor elementor-2431\" data-elementor-post-type=\"page\">\n\t\t\t\t<div class=\"elementor-element elementor-element-00741c9 inicio1 ops-section e-con-full e-flex e-con e-parent\" data-id=\"00741c9\" data-element_type=\"container\" data-e-type=\"container\" data-settings=\"{&quot;background_background&quot;:&quot;slideshow&quot;,&quot;background_slideshow_gallery&quot;:[{&quot;id&quot;:3779,&quot;url&quot;:&quot;http:\\\/\\\/www.ingedas.com\\\/wp-content\\\/uploads\\\/2024\\\/05\\\/wind-turbine-2023-11-27-05-19-30-utc-scaled.jpg&quot;},{&quot;id&quot;:3780,&quot;url&quot;:&quot;http:\\\/\\\/www.ingedas.com\\\/wp-content\\\/uploads\\\/2024\\\/05\\\/wind-farm-beside-the-lake-2023-11-27-05-16-49-utc-scaled.jpg&quot;},{&quot;id&quot;:3783,&quot;url&quot;:&quot;http:\\\/\\\/www.ingedas.com\\\/wp-content\\\/uploads\\\/2024\\\/05\\\/the-solar-energy-2023-11-27-05-14-09-utc-scaled-e1718178628551.jpg&quot;},{&quot;id&quot;:3782,&quot;url&quot;:&quot;http:\\\/\\\/www.ingedas.com\\\/wp-content\\\/uploads\\\/2024\\\/05\\\/wind-energy-wind-power-sustainable-renewable-en-2023-11-27-05-26-28-utc-scaled.jpg&quot;},{&quot;id&quot;:3784,&quot;url&quot;:&quot;http:\\\/\\\/www.ingedas.com\\\/wp-content\\\/uploads\\\/2024\\\/05\\\/solar-power-plant-2023-11-27-05-00-27-utc-scaled.jpg&quot;},{&quot;id&quot;:2669,&quot;url&quot;:&quot;http:\\\/\\\/www.ingedas.com\\\/wp-content\\\/uploads\\\/2024\\\/04\\\/wind-turbine-sustainable-energy-clean-power-2023-11-27-05-34-16-utc-scaled.jpg&quot;},{&quot;id&quot;:3781,&quot;url&quot;:&quot;http:\\\/\\\/www.ingedas.com\\\/wp-content\\\/uploads\\\/2024\\\/05\\\/wind-turbine-and-farm-2023-11-27-05-17-21-utc-scaled.jpg&quot;}],&quot;background_slideshow_ken_burns&quot;:&quot;yes&quot;,&quot;ekit_has_onepagescroll&quot;:&quot;section&quot;,&quot;background_slideshow_loop&quot;:&quot;yes&quot;,&quot;background_slideshow_slide_duration&quot;:5000,&quot;background_slideshow_slide_transition&quot;:&quot;fade&quot;,&quot;background_slideshow_transition_duration&quot;:500,&quot;background_slideshow_ken_burns_zoom_direction&quot;:&quot;in&quot;}\">\n\t\t<div class=\"elementor-element elementor-element-c2d1f53 e-con-full e-flex e-con e-child\" data-id=\"c2d1f53\" data-element_type=\"container\" data-e-type=\"container\">\n\t\t\t\t<div class=\"elementor-element elementor-element-d05d882 elementor-widget elementor-widget-heading\" data-id=\"d05d882\" data-element_type=\"widget\" data-e-type=\"widget\" data-widget_type=\"heading.default\">\n\t\t\t\t<div class=\"elementor-widget-container\">\n\t\t\t\t\t<h3 class=\"elementor-heading-title elementor-size-default\">P\u00e1ginas legales<\/h3>\t\t\t\t<\/div>\n\t\t\t\t<\/div>\n\t\t\t\t<div class=\"elementor-element elementor-element-d68e978 elementor-headline--style-highlight elementor-widget elementor-widget-animated-headline\" data-id=\"d68e978\" data-element_type=\"widget\" data-e-type=\"widget\" data-settings=\"{&quot;marker&quot;:&quot;underline&quot;,&quot;headline_style&quot;:&quot;highlight&quot;,&quot;loop&quot;:&quot;yes&quot;,&quot;highlight_animation_duration&quot;:1200,&quot;highlight_iteration_delay&quot;:8000}\" data-widget_type=\"animated-headline.default\">\n\t\t\t\t<div class=\"elementor-widget-container\">\n\t\t\t\t\t\t\t<h3 class=\"elementor-headline\">\n\t\t\t\t<span class=\"elementor-headline-dynamic-wrapper elementor-headline-text-wrapper\">\n\t\t\t\t<\/span>\n\t\t\t\t<\/h3>\n\t\t\t\t\t\t<\/div>\n\t\t\t\t<\/div>\n\t\t\t\t<\/div>\n\t\t\t\t<\/div>\n\t\t<div class=\"elementor-element elementor-element-961eedf inicio3 ops-section e-flex e-con-boxed e-con e-parent\" data-id=\"961eedf\" data-element_type=\"container\" data-e-type=\"container\" data-settings=\"{&quot;background_background&quot;:&quot;classic&quot;,&quot;ekit_has_onepagescroll&quot;:&quot;section&quot;}\">\n\t\t\t\t\t<div class=\"e-con-inner\">\n\t\t<div class=\"elementor-element elementor-element-8862b14 e-con-full e-flex elementor-invisible e-con e-child\" data-id=\"8862b14\" data-element_type=\"container\" data-e-type=\"container\" data-settings=\"{&quot;animation&quot;:&quot;fadeInLeft&quot;}\">\n\t\t<div class=\"elementor-element elementor-element-a73beb7 e-flex e-con-boxed e-con e-child\" data-id=\"a73beb7\" data-element_type=\"container\" data-e-type=\"container\">\n\t\t\t\t\t<div class=\"e-con-inner\">\n\t\t\t\t<div class=\"elementor-element elementor-element-3af77c2 elementor-widget__width-initial elementor-widget elementor-widget-text-editor\" data-id=\"3af77c2\" data-element_type=\"widget\" data-e-type=\"widget\" data-widget_type=\"text-editor.default\">\n\t\t\t\t<div class=\"elementor-widget-container\">\n\t\t\t\t\t\t\t\t\t<p>Inged\u00e1s S.L. se ha comprometido a hacer accesible su sitio web de conformidad con el Real Decreto 1112\/2018, de 7 de septiembre, sobre accesibilidad de los sitios web y aplicaciones para dispositivos m\u00f3viles del sector p\u00fablico, o desarrollos financiados desde Europa.<\/p><p>La presente declaraci\u00f3n de accesibilidad se aplica al sitio web ingedas.com excluyendo los contenidos incrustados provenientes de otros dominios.<\/p><p><b>Situaci\u00f3n de cumplimiento<br \/><\/b>Este sitio web es parcialmente conforme con el RD 1112\/2018 debido a la falta de conformidad de los aspectos que se indican a continuaci\u00f3n.<\/p><p><b>Contenido no accesible<br \/><\/b>El contenido que se recoge a continuaci\u00f3n no es accesible por los siguientes motivos:<\/p><p><b>Falta de conformidad:<br \/><\/b>Pueden existir algunas im\u00e1genes cuya alternativa no est\u00e9 implementada o no sea correcta \u2013 \u2013 Requisito 9.1.1.1 Contenido no textual UNE-EN 301549:2022<br \/>Puede existir elementos de la p\u00e1gina que no sean operables mediante teclado \u2013 Requisito n\u00famero 9.2.1.1 Teclado de UNE-EN 301549:2020<br \/>Los formularios existentes, no avisan de que haya campos incorrectos o sin rellenar \u2013 Requisito 9.3.3.1 Identificaci\u00f3n de errores y Requisito n\u00famero 9.3.3.3 Sugerencias ante errores de UNE-EN 301549:2020<br \/>Podr\u00edan existir fallos puntuales de edici\u00f3n en alguna p\u00e1gina web.<br \/>Carga desproporcionada: No resulta aplicable.<br \/>El contenido no entra dentro del \u00e1mbito de la legislaci\u00f3n aplicable.<\/p><p>Puede haber contenidos de terceros que no est\u00e9n desarrollados en esta Unidad, ni bajo su control, como archivos ofim\u00e1ticos de diferentes organismos que deban publicarse en este sitio.<\/p><p><b>Observaciones y datos de contacto<br \/><\/b>Puede realizar comunicaciones sobre requisitos de accesibilidad [art\u00edculo 10.2.a) del RD 1112\/2018] como, por ejemplo:<\/p><p>Informar sobre cualquier posible incumplimiento por parte de este sitio web.<br \/>Transmitir otras dificultades de acceso al contenido.<br \/>Formular cualquier otra consulta o sugerencia de mejora relativa a la accesibilidad del sitio web a trav\u00e9s del formulario de contacto o por tel\u00e9fono.<\/p><p><b>Puede presentar:<\/b><\/p><p>Una queja relativa al cumplimiento de los requisitos del RD 1112\/2018<br \/>Una solicitud de informaci\u00f3n accesible relativa a:<br \/>Contenidos que est\u00e1n excluidos del \u00e1mbito de aplicaci\u00f3n del RD 1112\/2018 seg\u00fan lo establecido por el art\u00edculo 3, apartado 4.<br \/>Contenidos que est\u00e1n exentos del cumplimiento de los requisitos de accesibilidad por imponer una carga desproporcionada.<br \/>En la solicitud de informaci\u00f3n accesible, se debe concretar, con toda claridad, los hechos, razones y petici\u00f3n que permitan constatar que se trata de una solicitud razonable y leg\u00edtima.<\/p>\t\t\t\t\t\t\t\t<\/div>\n\t\t\t\t<\/div>\n\t\t\t\t\t<\/div>\n\t\t\t\t<\/div>\n\t\t\t\t<\/div>\n\t\t\t\t\t<\/div>\n\t\t\t\t<\/div>\n\t\t\t\t<\/div>\n\t\t","protected":false},"excerpt":{"rendered":"<p>P\u00e1ginas legales Inged\u00e1s S.L. se ha comprometido a hacer accesible su sitio web de conformidad con el Real Decreto 1112\/2018, de 7 de septiembre, sobre accesibilidad de los sitios web y aplicaciones para dispositivos m\u00f3viles del sector p\u00fablico, o desarrollos financiados desde Europa. La presente declaraci\u00f3n de accesibilidad se aplica al sitio web ingedas.com excluyendo [&hellip;]<\/p>\n","protected":false},"author":1,"featured_media":0,"parent":0,"menu_order":0,"comment_status":"closed","ping_status":"closed","template":"elementor_header_footer","meta":{"footnotes":""},"class_list":["post-2431","page","type-page","status-publish","hentry"],"_links":{"self":[{"href":"https:\/\/www.ingedas.com\/en\/wp-json\/wp\/v2\/pages\/2431","targetHints":{"allow":["GET"]}}],"collection":[{"href":"https:\/\/www.ingedas.com\/en\/wp-json\/wp\/v2\/pages"}],"about":[{"href":"https:\/\/www.ingedas.com\/en\/wp-json\/wp\/v2\/types\/page"}],"author":[{"embeddable":true,"href":"https:\/\/www.ingedas.com\/en\/wp-json\/wp\/v2\/users\/1"}],"replies":[{"embeddable":true,"href":"https:\/\/www.ingedas.com\/en\/wp-json\/wp\/v2\/comments?post=2431"}],"version-history":[{"count":19,"href":"https:\/\/www.ingedas.com\/en\/wp-json\/wp\/v2\/pages\/2431\/revisions"}],"predecessor-version":[{"id":4747,"href":"https:\/\/www.ingedas.com\/en\/wp-json\/wp\/v2\/pages\/2431\/revisions\/4747"}],"wp:attachment":[{"href":"https:\/\/www.ingedas.com\/en\/wp-json\/wp\/v2\/media?parent=2431"}],"curies":[{"name":"wp","href":"https:\/\/api.w.org\/{rel}","templated":true}]}}