{"id":2408,"date":"2024-04-03T10:52:51","date_gmt":"2024-04-03T10:52:51","guid":{"rendered":"http:\/\/www.ingedas.com\/?page_id=2408"},"modified":"2024-08-28T10:46:47","modified_gmt":"2024-08-28T10:46:47","slug":"politica-de-privacidad","status":"publish","type":"page","link":"https:\/\/www.ingedas.com\/en\/politica-de-privacidad\/","title":{"rendered":"Pol\u00edtica de privacidad"},"content":{"rendered":"\t\t<div data-elementor-type=\"wp-page\" data-elementor-id=\"2408\" class=\"elementor elementor-2408\" data-elementor-post-type=\"page\">\n\t\t\t\t<div class=\"elementor-element elementor-element-8a333e8 inicio1 ops-section e-con-full e-flex e-con e-parent\" data-id=\"8a333e8\" data-element_type=\"container\" data-e-type=\"container\" data-settings=\"{&quot;background_background&quot;:&quot;slideshow&quot;,&quot;background_slideshow_gallery&quot;:[{&quot;id&quot;:3779,&quot;url&quot;:&quot;http:\\\/\\\/www.ingedas.com\\\/wp-content\\\/uploads\\\/2024\\\/05\\\/wind-turbine-2023-11-27-05-19-30-utc-scaled.jpg&quot;},{&quot;id&quot;:3780,&quot;url&quot;:&quot;http:\\\/\\\/www.ingedas.com\\\/wp-content\\\/uploads\\\/2024\\\/05\\\/wind-farm-beside-the-lake-2023-11-27-05-16-49-utc-scaled.jpg&quot;},{&quot;id&quot;:3783,&quot;url&quot;:&quot;http:\\\/\\\/www.ingedas.com\\\/wp-content\\\/uploads\\\/2024\\\/05\\\/the-solar-energy-2023-11-27-05-14-09-utc-scaled-e1718178628551.jpg&quot;},{&quot;id&quot;:3782,&quot;url&quot;:&quot;http:\\\/\\\/www.ingedas.com\\\/wp-content\\\/uploads\\\/2024\\\/05\\\/wind-energy-wind-power-sustainable-renewable-en-2023-11-27-05-26-28-utc-scaled.jpg&quot;},{&quot;id&quot;:3784,&quot;url&quot;:&quot;http:\\\/\\\/www.ingedas.com\\\/wp-content\\\/uploads\\\/2024\\\/05\\\/solar-power-plant-2023-11-27-05-00-27-utc-scaled.jpg&quot;},{&quot;id&quot;:2669,&quot;url&quot;:&quot;http:\\\/\\\/www.ingedas.com\\\/wp-content\\\/uploads\\\/2024\\\/04\\\/wind-turbine-sustainable-energy-clean-power-2023-11-27-05-34-16-utc-scaled.jpg&quot;},{&quot;id&quot;:3781,&quot;url&quot;:&quot;http:\\\/\\\/www.ingedas.com\\\/wp-content\\\/uploads\\\/2024\\\/05\\\/wind-turbine-and-farm-2023-11-27-05-17-21-utc-scaled.jpg&quot;}],&quot;background_slideshow_ken_burns&quot;:&quot;yes&quot;,&quot;ekit_has_onepagescroll&quot;:&quot;section&quot;,&quot;background_slideshow_loop&quot;:&quot;yes&quot;,&quot;background_slideshow_slide_duration&quot;:5000,&quot;background_slideshow_slide_transition&quot;:&quot;fade&quot;,&quot;background_slideshow_transition_duration&quot;:500,&quot;background_slideshow_ken_burns_zoom_direction&quot;:&quot;in&quot;}\">\n\t\t<div class=\"elementor-element elementor-element-ddb011a e-con-full e-flex e-con e-child\" data-id=\"ddb011a\" data-element_type=\"container\" data-e-type=\"container\">\n\t\t\t\t<div class=\"elementor-element elementor-element-f538e14 elementor-widget elementor-widget-heading\" data-id=\"f538e14\" data-element_type=\"widget\" data-e-type=\"widget\" data-widget_type=\"heading.default\">\n\t\t\t\t<div class=\"elementor-widget-container\">\n\t\t\t\t\t<h3 class=\"elementor-heading-title elementor-size-default\">P\u00e1ginas legales<\/h3>\t\t\t\t<\/div>\n\t\t\t\t<\/div>\n\t\t\t\t<div class=\"elementor-element elementor-element-135e727 elementor-headline--style-highlight elementor-widget elementor-widget-animated-headline\" data-id=\"135e727\" data-element_type=\"widget\" data-e-type=\"widget\" data-settings=\"{&quot;marker&quot;:&quot;underline&quot;,&quot;headline_style&quot;:&quot;highlight&quot;,&quot;loop&quot;:&quot;yes&quot;,&quot;highlight_animation_duration&quot;:1200,&quot;highlight_iteration_delay&quot;:8000}\" data-widget_type=\"animated-headline.default\">\n\t\t\t\t<div class=\"elementor-widget-container\">\n\t\t\t\t\t\t\t<h3 class=\"elementor-headline\">\n\t\t\t\t<span class=\"elementor-headline-dynamic-wrapper elementor-headline-text-wrapper\">\n\t\t\t\t<\/span>\n\t\t\t\t<\/h3>\n\t\t\t\t\t\t<\/div>\n\t\t\t\t<\/div>\n\t\t\t\t<\/div>\n\t\t\t\t<\/div>\n\t\t<div class=\"elementor-element elementor-element-d7b28e2 inicio3 ops-section e-flex e-con-boxed e-con e-parent\" data-id=\"d7b28e2\" data-element_type=\"container\" data-e-type=\"container\" data-settings=\"{&quot;background_background&quot;:&quot;classic&quot;,&quot;ekit_has_onepagescroll&quot;:&quot;section&quot;}\">\n\t\t\t\t\t<div class=\"e-con-inner\">\n\t\t<div class=\"elementor-element elementor-element-b3e9b76 e-con-full e-flex elementor-invisible e-con e-child\" data-id=\"b3e9b76\" data-element_type=\"container\" data-e-type=\"container\" data-settings=\"{&quot;animation&quot;:&quot;fadeInLeft&quot;}\">\n\t\t<div class=\"elementor-element elementor-element-05914ac e-flex e-con-boxed e-con e-child\" data-id=\"05914ac\" data-element_type=\"container\" data-e-type=\"container\">\n\t\t\t\t\t<div class=\"e-con-inner\">\n\t\t\t\t<div class=\"elementor-element elementor-element-32b08d0 elementor-widget__width-initial elementor-widget elementor-widget-text-editor\" data-id=\"32b08d0\" data-element_type=\"widget\" data-e-type=\"widget\" data-widget_type=\"text-editor.default\">\n\t\t\t\t<div class=\"elementor-widget-container\">\n\t\t\t\t\t\t\t\t\t<p>A los efectos previstos en Reglamento (UE) 2016\/679 del Parlamento Europeo y del Consejo, de 27 de abril de 2016, relativo a la protecci\u00f3n de las personas f\u00edsicas en lo que respecta al tratamiento de datos personales y dem\u00e1s legislaci\u00f3n que le sea aplicable.<br>Los t\u00e9rminos recogidos a continuaci\u00f3n ser\u00e1n de obligado cumplimiento para todo el personal interno o externo que trabaje o pudiera trabajar con nosotros y que tengan acceso a los datos que nos sean facilitados, bien durante la navegaci\u00f3n en nuestra Web, por la utilizaci\u00f3n de nuestros formularios o durante la contrataci\u00f3n o prestaci\u00f3n de los productos o servicios.<br>Responsable del tratamiento de Datos: <b>SERVICIOS INGEDAS, SL<\/b> &#8211; CIF: <b>B06816938<\/b> &#8211; Direci\u00f3n postal: <b>AVDA. DEL MAR, N\u00ba 10 03300 ORIHUELA ALICANTE<\/b> &#8211; Tel\u00e9fono: <b>626119254 <\/b>&#8211; Correo electr\u00f3nico: <b>administracion@ingedas.com<\/b><\/p>\n<p>&#8211; Finalidad<br>Gestionar administrativamente el servicio\/producto solicitado y\/o contratado, por medios tradicionales o electr\u00f3nicos.<br>Gestionar el servicio adicional tras la compra\/contrataci\u00f3n del\/los mismo\/s.<br>Mantener la relaci\u00f3n contractual que, en su caso, nos une.<br>Informarle sobre productos, servicios o eventos de nuestra empresa, o grupo de empresas. que<br>pudieran ser de su inter\u00e9s por medios tradicionales o electr\u00f3nicos.<br>Canalizar las solicitudes de informaci\u00f3n, sugerencias y reclamaciones de clientes para su gesti\u00f3n y resoluci\u00f3n.<br>Gesti\u00f3n de los procesos de selecci\u00f3n de personal.<br>&#8211; La legitimidad del tratamiento recae en la ejecuci\u00f3n de un contrato, en su consentimiento previo o, en su caso, por inter\u00e9s leg\u00edtimo como por ejemplo por motivos de seguridad, prevenci\u00f3n del fraude, gestionar solicitudes, consultas o posibles reclamaciones.<\/p>\n<p>&#8211; Procedencia de los Datos. La informaci\u00f3n de car\u00e1cter personal tratada por nosotros procede de:La aportaci\u00f3n directa de los interesados a trav\u00e9s de los formularios dispuestos para la recogida de datos. Fuentes p\u00fablicas.<br>Informaci\u00f3n necesaria aportada por los interesados para la prestaci\u00f3n\/compra del servicio\/producto.<br>&#8211; Los destinatarios ser\u00e1n \u00fanicamente otras empresas del mismo grupo, en su caso, u otros terceros sobre los que recaiga alg\u00fan tipo de obligaci\u00f3n legal para su cesi\u00f3n.<br>&#8211; El periodo de conservaci\u00f3n de la informaci\u00f3n de car\u00e1cter personal se limitar\u00e1 al periodo de tiempo durante el cual sea necesaria para poder utilizarla seg\u00fan la finalidad para la que fue recogida o mientras no se ejerza el derecho de supresi\u00f3n, cancelaci\u00f3n y\/o limitaci\u00f3n del tratamiento de sus datos. En estos casos, mantendremos la informaci\u00f3n debidamente bloqueada, sin darle ning\u00fan uso, mientras pueda ser necesaria para el ejercicio o<br>defensa de reclamaciones o pueda derivarse alg\u00fan tipo de responsabilidad judicial, legal o contractual de su tratamiento, que deba ser atendida y para lo cual sea necesaria su recuperaci\u00f3n.<\/p>\n<p>&#8211; Sobre los cuales no se efectuar\u00e1 ninguna decisi\u00f3n de forma automatizada.<br>&#8211; Sobre los cuales no se producir\u00e1 ning\u00fan tipo de transferencia internacional.<br>&#8211; Sobre el que podr\u00e1 ejercitar los derechos de rectificaci\u00f3n, supresi\u00f3n, oposici\u00f3n, limitaci\u00f3n del tratamiento y portabilidad de sus datos, remitiendo una solicitud por escrito a la direcci\u00f3n anteriormente indicada, acompa\u00f1ando un documento para su identificaci\u00f3n.<br>&#8211; Con la finalidad de proteger su informaci\u00f3n personal y su privacidad utilizamos las medidas t\u00e9cnicas y organizativas adecuadas, revisando dichas medidas peri\u00f3dicamente.<br>&#8211; La informaci\u00f3n y documentaci\u00f3n relacionada con el cumplimiento de la normativa vigente en materia de Protecci\u00f3n de Datos de Car\u00e1cter Personal ser\u00e1 revisada al menos una vez al a\u00f1o, o bien cuando se produzcan modificaciones en dicha legislaci\u00f3n o en alguno de los procedimientos de tratamiento de su informaci\u00f3n personal.<br>Si considera que el tratamiento de sus datos personales vulnera la normativa o lo dispuesto en el presente documento, puede presentar una reclamaci\u00f3n ante la Agencia Espa\u00f1ola de Protecci\u00f3n de Datos, que es la autoridad de control competente en la protecci\u00f3n de sus datos personales, a trav\u00e9s de su sede electr\u00f3nica www.agpd.es<br>Si tiene cualquier tipo de consulta, comentario o inquietud sobre c\u00f3mo tratamos la informaci\u00f3n de car\u00e1cter personal puede ponerse en contacto con nosotros en el tel\u00e9fono <b>626119254 <\/b>o correo electr\u00f3nico <b>administracion@ingedas.com.<\/b><\/p>\t\t\t\t\t\t\t\t<\/div>\n\t\t\t\t<\/div>\n\t\t\t\t\t<\/div>\n\t\t\t\t<\/div>\n\t\t\t\t<\/div>\n\t\t\t\t\t<\/div>\n\t\t\t\t<\/div>\n\t\t\t\t<\/div>\n\t\t","protected":false},"excerpt":{"rendered":"<p>P\u00e1ginas legales A los efectos previstos en Reglamento (UE) 2016\/679 del Parlamento Europeo y del Consejo, de 27 de abril de 2016, relativo a la protecci\u00f3n de las personas f\u00edsicas en lo que respecta al tratamiento de datos personales y dem\u00e1s legislaci\u00f3n que le sea aplicable.Los t\u00e9rminos recogidos a continuaci\u00f3n ser\u00e1n de obligado cumplimiento para [&hellip;]<\/p>\n","protected":false},"author":1,"featured_media":0,"parent":0,"menu_order":0,"comment_status":"closed","ping_status":"closed","template":"elementor_header_footer","meta":{"footnotes":""},"class_list":["post-2408","page","type-page","status-publish","hentry"],"_links":{"self":[{"href":"https:\/\/www.ingedas.com\/en\/wp-json\/wp\/v2\/pages\/2408","targetHints":{"allow":["GET"]}}],"collection":[{"href":"https:\/\/www.ingedas.com\/en\/wp-json\/wp\/v2\/pages"}],"about":[{"href":"https:\/\/www.ingedas.com\/en\/wp-json\/wp\/v2\/types\/page"}],"author":[{"embeddable":true,"href":"https:\/\/www.ingedas.com\/en\/wp-json\/wp\/v2\/users\/1"}],"replies":[{"embeddable":true,"href":"https:\/\/www.ingedas.com\/en\/wp-json\/wp\/v2\/comments?post=2408"}],"version-history":[{"count":29,"href":"https:\/\/www.ingedas.com\/en\/wp-json\/wp\/v2\/pages\/2408\/revisions"}],"predecessor-version":[{"id":4753,"href":"https:\/\/www.ingedas.com\/en\/wp-json\/wp\/v2\/pages\/2408\/revisions\/4753"}],"wp:attachment":[{"href":"https:\/\/www.ingedas.com\/en\/wp-json\/wp\/v2\/media?parent=2408"}],"curies":[{"name":"wp","href":"https:\/\/api.w.org\/{rel}","templated":true}]}}